{"id":6690,"date":"2025-12-12T15:24:58","date_gmt":"2025-12-12T14:24:58","guid":{"rendered":"https:\/\/www.enterra.sk\/product\/dji-agras-t50-set\/"},"modified":"2026-03-27T13:25:41","modified_gmt":"2026-03-27T12:25:41","slug":"dji-agras-t50-set","status":"publish","type":"product","link":"https:\/\/www.enterra.sk\/en\/product\/dji-agras-t50-set\/","title":{"rendered":"DJI Agras T50 set"},"content":{"rendered":"<h3>Postrekovanie a rozmetanie na ve&#318;k&yacute;ch ploch&aacute;ch<\/h3><img loading=\"lazy\" decoding=\"async\" class=\"alignnone size-full wp-image-2285\" src=\"https:\/\/www.enterra.sk\/wp-content\/uploads\/2024\/04\/dji-agras-t50.jpg\" alt=\"DJI Agras T50 set\" width=\"1280\" height=\"853\" title=\"DJI Agras T50 set\" srcset=\"https:\/\/www.enterra.sk\/wp-content\/uploads\/2024\/04\/dji-agras-t50.jpg 1280w, https:\/\/www.enterra.sk\/wp-content\/uploads\/2024\/04\/dji-agras-t50-300x200.jpg 300w, https:\/\/www.enterra.sk\/wp-content\/uploads\/2024\/04\/dji-agras-t50-1024x682.jpg 1024w, https:\/\/www.enterra.sk\/wp-content\/uploads\/2024\/04\/dji-agras-t50-768x512.jpg 768w, https:\/\/www.enterra.sk\/wp-content\/uploads\/2024\/04\/dji-agras-t50-429x286.jpg 429w, https:\/\/www.enterra.sk\/wp-content\/uploads\/2024\/04\/dji-agras-t50-885x590.jpg 885w, https:\/\/www.enterra.sk\/wp-content\/uploads\/2024\/04\/dji-agras-t50-600x400.jpg 600w\" sizes=\"auto, (max-width: 1280px) 100vw, 1280px\" \/><p>Najdokonalej&scaron;&iacute; dron v po&#318;nohospod&aacute;rstve s v&yacute;konom, ktor&yacute; doposia&#318; e&scaron;te nebol vykonan&yacute; so &#382;iadnym z predch&aacute;dzaj&uacute;cich modelov rady Agras. DJI Agras T50 v&aacute;m zaru&#269;&iacute; plynul&uacute; a efekt&iacute;vnu pr&aacute;cu v ter&eacute;ne aj v&#271;aka svoj&iacute;m vylep&scaron;en&yacute;m &#269;astiam a pridan&yacute;m funkci&aacute;m.<\/p><h3 class=\"style__headline___2wSnn\">Zo star&eacute;ho na nov&eacute; a in&eacute;<\/h3><img loading=\"lazy\" decoding=\"async\" class=\"alignnone size-full wp-image-2287\" src=\"https:\/\/www.enterra.sk\/wp-content\/uploads\/2024\/04\/dji-agras-t50-funkcie.png\" alt=\"DJI Agras T50 set\" width=\"1754\" height=\"1240\" title=\"DJI Agras T50 set\" srcset=\"https:\/\/www.enterra.sk\/wp-content\/uploads\/2024\/04\/dji-agras-t50-funkcie.png 1754w, https:\/\/www.enterra.sk\/wp-content\/uploads\/2024\/04\/dji-agras-t50-funkcie-300x212.png 300w, https:\/\/www.enterra.sk\/wp-content\/uploads\/2024\/04\/dji-agras-t50-funkcie-1024x724.png 1024w, https:\/\/www.enterra.sk\/wp-content\/uploads\/2024\/04\/dji-agras-t50-funkcie-768x543.png 768w, https:\/\/www.enterra.sk\/wp-content\/uploads\/2024\/04\/dji-agras-t50-funkcie-1536x1086.png 1536w, https:\/\/www.enterra.sk\/wp-content\/uploads\/2024\/04\/dji-agras-t50-funkcie-429x303.png 429w, https:\/\/www.enterra.sk\/wp-content\/uploads\/2024\/04\/dji-agras-t50-funkcie-600x424.png 600w\" sizes=\"auto, (max-width: 1754px) 100vw, 1754px\" \/><p>&nbsp;<img loading=\"lazy\" decoding=\"async\" class=\"alignnone size-full wp-image-2303\" src=\"https:\/\/www.enterra.sk\/wp-content\/uploads\/2024\/04\/dji-agras-t50-vykon.png\" alt=\"DJI Agras T50 set\" width=\"1672\" height=\"611\" title=\"DJI Agras T50 set\" srcset=\"https:\/\/www.enterra.sk\/wp-content\/uploads\/2024\/04\/dji-agras-t50-vykon.png 1672w, https:\/\/www.enterra.sk\/wp-content\/uploads\/2024\/04\/dji-agras-t50-vykon-300x110.png 300w, https:\/\/www.enterra.sk\/wp-content\/uploads\/2024\/04\/dji-agras-t50-vykon-1024x374.png 1024w, https:\/\/www.enterra.sk\/wp-content\/uploads\/2024\/04\/dji-agras-t50-vykon-768x281.png 768w, https:\/\/www.enterra.sk\/wp-content\/uploads\/2024\/04\/dji-agras-t50-vykon-1536x561.png 1536w, https:\/\/www.enterra.sk\/wp-content\/uploads\/2024\/04\/dji-agras-t50-vykon-429x157.png 429w, https:\/\/www.enterra.sk\/wp-content\/uploads\/2024\/04\/dji-agras-t50-vykon-600x219.png 600w\" sizes=\"auto, (max-width: 1672px) 100vw, 1672px\" \/>\n<\/p><h3>&#356;a&#382;k&yacute; n&aacute;klad<\/h3><h4>Postrekovanie:<\/h4><p>Vysok&uacute; efekt&iacute;vnos&#357; pri pr&aacute;ci v&aacute;m zaru&#269;&iacute; zv&auml;&#269;&scaron;en&yacute; objem n&aacute;dr&#382;e z 30L (DJI Agras T30) na s&uacute;&#269;asn&yacute;ch 40L.<\/p><p>Plav&aacute;k hladinomeru je nahraden&yacute; citliv&yacute;mi senzormi hmotnosti, &#269;&iacute;m sa je mo&#382;n&eacute; vyhn&uacute;&#357; komplik&aacute;ci&aacute;m pri aplik&aacute;cii tuh&scaron;&iacute;ch, lepkavej&scaron;&iacute;ch pr&iacute;pravkov.<\/p><p><strong>&#268;erpadlo s magnetick&yacute;m pohonom obe&#382;n&eacute;ho kolesa (Magnetic drive impeller pump).&nbsp;<\/strong>Nov&eacute; &#269;erpadlo s magnetick&yacute;m pohonom neprich&aacute;dza do kontaktu s postrekovou l&aacute;tkou, preto jeho &#382;ivotnos&#357; je podstatne dlh&scaron;ia ako na star&scaron;&iacute;ch modeloch rady T30 a T10. &#268;erpadlo z&aacute;rove&#328; zaru&#269;uje aj odolnos&#357; vo&#269;i kor&oacute;zii pr&aacute;ve v&#271;aka tomu, &#382;e neprich&aacute;dza do kontaktu s agres&iacute;vnymi pr&iacute;pravkami.<\/p><p>\n<div style=\"width: 1920px;\" class=\"wp-video\"><video class=\"wp-video-shortcode\" id=\"video-6690-1\" width=\"1920\" height=\"1080\" preload=\"metadata\" controls=\"controls\"><source type=\"video\/mp4\" src=\"https:\/\/www.enterra.sk\/wp-content\/uploads\/2024\/04\/dji-agras-t50-new-pump-2.mp4?_=1\" \/><a href=\"https:\/\/www.enterra.sk\/wp-content\/uploads\/2024\/04\/dji-agras-t50-new-pump-2.mp4\">https:\/\/www.enterra.sk\/wp-content\/uploads\/2024\/04\/dji-agras-t50-new-pump-2.mp4<\/a><\/video><\/div>\n<\/p><p><strong>Odstrediv&eacute; postrekov&eacute; trysky (Centrifugal sprinkler).<\/strong><\/p><p>Najv&yacute;raznej&scaron;ia novinka je v&yacute;mena tlakov&yacute;ch trysiek za syst&eacute;m dvojit&eacute;ho postrekovania, resp. nov&yacute;m odstrediv&yacute;m postrekov&yacute;m trysk&aacute;m. Agras T50 tak zaru&#269;uje v&yacute;kon a&#382; 16l\/min (s dvoma pumpami a 4 tryskami je to 24 l\/min). S t&yacute;mto modelom trysiek je mo&#382;n&eacute; aj upravova&#357; ve&#318;kos&#357; kvap&ocirc;&#269;ok od 50 do 500 &mu;m.<\/p><img loading=\"lazy\" decoding=\"async\" class=\"alignnone size-full wp-image-2293\" src=\"https:\/\/www.enterra.sk\/wp-content\/uploads\/2024\/04\/dji-agras-t50-postrekovanie-scaled.jpeg\" alt=\"DJI Agras T50 set\" width=\"2560\" height=\"1635\" title=\"DJI Agras T50 set\" srcset=\"https:\/\/www.enterra.sk\/wp-content\/uploads\/2024\/04\/dji-agras-t50-postrekovanie-scaled.jpeg 2560w, https:\/\/www.enterra.sk\/wp-content\/uploads\/2024\/04\/dji-agras-t50-postrekovanie-300x192.jpeg 300w, https:\/\/www.enterra.sk\/wp-content\/uploads\/2024\/04\/dji-agras-t50-postrekovanie-1024x654.jpeg 1024w, https:\/\/www.enterra.sk\/wp-content\/uploads\/2024\/04\/dji-agras-t50-postrekovanie-768x491.jpeg 768w, https:\/\/www.enterra.sk\/wp-content\/uploads\/2024\/04\/dji-agras-t50-postrekovanie-1536x981.jpeg 1536w, https:\/\/www.enterra.sk\/wp-content\/uploads\/2024\/04\/dji-agras-t50-postrekovanie-2048x1308.jpeg 2048w, https:\/\/www.enterra.sk\/wp-content\/uploads\/2024\/04\/dji-agras-t50-postrekovanie-1920x1227.jpeg 1920w, https:\/\/www.enterra.sk\/wp-content\/uploads\/2024\/04\/dji-agras-t50-postrekovanie-429x274.jpeg 429w, https:\/\/www.enterra.sk\/wp-content\/uploads\/2024\/04\/dji-agras-t50-postrekovanie-600x383.jpeg 600w\" sizes=\"auto, (max-width: 2560px) 100vw, 2560px\" \/><h3>Rozmetanie:<\/h3><p>V&yacute;kon sa rovnako pridal aj do funkcie rozmetania kde je k dispoz&iacute;cii moment&aacute;lne n&aacute;dr&#382; s objemom 50kg so zv&auml;&#269;&scaron;en&yacute;m otvorom pre doplnenie potrebn&eacute;ho objemu.<\/p><p>Agras T50 v&aacute;m v ter&eacute;ne zaru&#269;&iacute; v&yacute;kon a&#382; 1.5 tony rozmetan&eacute;ho hnojiva za hodinu.<\/p><p>Objem je rovnako meran&yacute; citliv&yacute;mi senzormi hmotnosti ako aj pri postrekovan&iacute;.<\/p><img loading=\"lazy\" decoding=\"async\" class=\"alignnone size-full wp-image-2295\" src=\"https:\/\/www.enterra.sk\/wp-content\/uploads\/2024\/04\/dji-agras-t50-spreading-rozmetanie-scaled.jpg\" alt=\"DJI Agras T50 set\" width=\"2560\" height=\"1438\" title=\"DJI Agras T50 set\" srcset=\"https:\/\/www.enterra.sk\/wp-content\/uploads\/2024\/04\/dji-agras-t50-spreading-rozmetanie-scaled.jpg 2560w, https:\/\/www.enterra.sk\/wp-content\/uploads\/2024\/04\/dji-agras-t50-spreading-rozmetanie-300x169.jpg 300w, https:\/\/www.enterra.sk\/wp-content\/uploads\/2024\/04\/dji-agras-t50-spreading-rozmetanie-1024x575.jpg 1024w, https:\/\/www.enterra.sk\/wp-content\/uploads\/2024\/04\/dji-agras-t50-spreading-rozmetanie-768x431.jpg 768w, https:\/\/www.enterra.sk\/wp-content\/uploads\/2024\/04\/dji-agras-t50-spreading-rozmetanie-1536x863.jpg 1536w, https:\/\/www.enterra.sk\/wp-content\/uploads\/2024\/04\/dji-agras-t50-spreading-rozmetanie-2048x1151.jpg 2048w, https:\/\/www.enterra.sk\/wp-content\/uploads\/2024\/04\/dji-agras-t50-spreading-rozmetanie-1920x1080.jpg 1920w, https:\/\/www.enterra.sk\/wp-content\/uploads\/2024\/04\/dji-agras-t50-spreading-rozmetanie-429x241.jpg 429w, https:\/\/www.enterra.sk\/wp-content\/uploads\/2024\/04\/dji-agras-t50-spreading-rozmetanie-1600x900.jpg 1600w, https:\/\/www.enterra.sk\/wp-content\/uploads\/2024\/04\/dji-agras-t50-spreading-rozmetanie-600x337.jpg 600w\" sizes=\"auto, (max-width: 2560px) 100vw, 2560px\" \/><h3 class=\"style__headline___2wSnn\"><strong>Koaxi&aacute;lne dvojit&eacute; rotory<\/strong><\/h3><p>Z&aacute;kladn&yacute;m pilierom pre pridanie dvojit&yacute;ch rotorov je pomer men&scaron;&iacute; dron : v&auml;&#269;&scaron;&iacute; n&aacute;klad.<\/p><p>Tak aby model Agras T50 zaru&#269;il v&auml;&#269;&scaron;iu efektivitu a v&yacute;kon, bolo nutn&eacute; prisp&ocirc;sobi&#357; tomu aj v&yacute;dr&#382; a silu rotorov vzh&#318;adom k n&aacute;rastu z&aacute;&#357;a&#382;i z 30L na 40L.<br>\nKoaxi&aacute;lne dvojit&eacute; rotory p&ocirc;sobia aj na vtl&aacute;&#269;anie pr&iacute;pravku do porastu, &#269;o znamen&aacute;: v&auml;&#269;&scaron;ia sila vtl&aacute;&#269;ania a prenik do hust&eacute;ho porastu.<\/p><p>\n<div style=\"width: 1920px;\" class=\"wp-video\"><video class=\"wp-video-shortcode\" id=\"video-6690-2\" width=\"1920\" height=\"1080\" preload=\"metadata\" controls=\"controls\"><source type=\"video\/mp4\" src=\"https:\/\/www.enterra.sk\/wp-content\/uploads\/2024\/04\/dji-agras-t50-twin-rotors.mp4?_=2\" \/><a href=\"https:\/\/www.enterra.sk\/wp-content\/uploads\/2024\/04\/dji-agras-t50-twin-rotors.mp4\">https:\/\/www.enterra.sk\/wp-content\/uploads\/2024\/04\/dji-agras-t50-twin-rotors.mp4<\/a><\/video><\/div>\n<\/p><h3><b>Radar s f&aacute;zov&yacute;m po&#318;om a binokul&aacute;rnym viden&iacute;m<\/b><\/h3><p>Radar s akt&iacute;vnym f&aacute;zov&yacute;m po&#318;om je zabudovan&yacute; so syst&eacute;mom senzorov binokul&aacute;rneho videnia, ktor&yacute; poskytuje 360-stup&#328;ov&eacute; horizont&aacute;lne v&scaron;esmerov&eacute; sn&iacute;manie prek&aacute;&#382;ok a pon&uacute;ka optim&aacute;lnu bezpe&#269;nos&#357;. Detek&#269;n&aacute; vzdialenos&#357; a&#382; 50 m umo&#382;&#328;uje inteligentn&eacute; sledovanie ter&eacute;nu.<\/p><h3>Mapovanie, postrekovanie a rozmetanie &ndash; v&scaron;etko v jednom<\/h3><p>V&#271;aka kamere, ktor&aacute; si dok&aacute;&#382;e upravi&#357; uhol poh&#318;adu bola na nov&yacute; model T50 pridan&aacute; funkcia mapovania ter&eacute;nu a n&aacute;sledn&aacute; tvorba rekon&scaron;trukcie. Sn&iacute;mky po&#318;nohospod&aacute;rskej p&ocirc;dy a ovocn&yacute;ch sadov mo&#382;no zachyt&aacute;va&#357; v re&aacute;lnom &#269;ase a miestne mapy mo&#382;no vytv&aacute;ra&#357; pomocou dia&#318;kov&eacute;ho ovl&aacute;da&#269;a. Syst&eacute;m automaticky zis&#357;uje hranice pozemkov a prek&aacute;&#382;ky, &#269;o umo&#382;&#328;uje r&yacute;chlej&scaron;ie pl&aacute;novanie letov&yacute;ch tr&aacute;s.<\/p><p>Mapovanie je mo&#382;n&eacute; vykona&#357; v dvoch m&oacute;doch:<\/p><ol>\n<li>Mapovanie celej oblasti (s prek&aacute;&#382;kami) &ndash; s t&yacute;mto m&oacute;dom je mo&#382;n&eacute; v&#271;aka v&yacute;konn&eacute;mu dia&#318;kov&eacute;mu ovl&aacute;da&#269;u zmapova&#357; 13 hekt&aacute;rov za 10 min&uacute;t s tvorbou rekon&scaron;trukcie<\/li>\n<li>Mapovanie hran&iacute;c po&#318;a (v pr&iacute;pade &#382;e pole nem&aacute; &#382;iadne prek&aacute;&#382;ky) &ndash; s t&yacute;mto m&oacute;dom dok&aacute;&#382;ete zmapova&#357; 13 hekt&aacute;rov za 3 min&uacute;ty<\/li>\n<\/ol><p>\n<div style=\"width: 1920px;\" class=\"wp-video\"><video class=\"wp-video-shortcode\" id=\"video-6690-3\" width=\"1920\" height=\"1080\" preload=\"metadata\" controls=\"controls\"><source type=\"video\/mp4\" src=\"https:\/\/www.enterra.sk\/wp-content\/uploads\/2024\/04\/dji-agras-t50-mapping-1.mp4?_=3\" \/><a href=\"https:\/\/www.enterra.sk\/wp-content\/uploads\/2024\/04\/dji-agras-t50-mapping-1.mp4\">https:\/\/www.enterra.sk\/wp-content\/uploads\/2024\/04\/dji-agras-t50-mapping-1.mp4<\/a><\/video><\/div>\n<\/p><h3 class=\"style__headline___2wSnn\">Vysoko v&yacute;konn&yacute; dia&#318;kov&yacute; ovl&aacute;da&#269;<\/h3><p>Ve&#318;k&aacute; 7-palcov&aacute; obrazovka s vysok&yacute;m jasom pon&uacute;ka &scaron;ir&scaron;&iacute; v&yacute;h&#318;ad s prepracovan&yacute;mi detailmi.<\/p><p>&Scaron;irok&aacute; &scaron;k&aacute;la vlastn&yacute;ch fyzick&yacute;ch tla&#269;idiel poskytuje flexibiln&eacute; ovl&aacute;danie.<\/p><p>8-jadrov&yacute; procesor v&aacute;m umo&#382;n&iacute; zmapova&#357; 13 hekt&aacute;rov za 10 min&uacute;t s tvorbou rekon&scaron;trukcie.<\/p><p>\n<div style=\"width: 1920px;\" class=\"wp-video\"><video class=\"wp-video-shortcode\" id=\"video-6690-4\" width=\"1920\" height=\"1080\" preload=\"metadata\" controls=\"controls\"><source type=\"video\/mp4\" src=\"https:\/\/www.enterra.sk\/wp-content\/uploads\/2024\/04\/dji-agras-t50-remote-controller-function-1.mp4?_=4\" \/><a href=\"https:\/\/www.enterra.sk\/wp-content\/uploads\/2024\/04\/dji-agras-t50-remote-controller-function-1.mp4\">https:\/\/www.enterra.sk\/wp-content\/uploads\/2024\/04\/dji-agras-t50-remote-controller-function-1.mp4<\/a><\/video><\/div>\n<\/p>\n","protected":false},"excerpt":{"rendered":"<p>DJI Agras T50\u00a0<strong>SET<\/strong>\u00a0&#8211; Z\u00e1kladn\u00fd set pre pr\u00e1cu s po\u013enohospod\u00e1rskym dronom DJI Agras T50 zah\u0155\u0148a &#8211;\u00a0<strong>dron, 3x inteligentn\u00fa bat\u00e9riu a nab\u00edjaciu stanicu C10000<\/strong>.<br \/>\nIde o jeden z najdokonalej\u0161\u00edch dronov v po\u013enohospod\u00e1rstve s v\u00fdkonom, ktor\u00fd doposia\u013e e\u0161te nebol vykonan\u00fd so \u017eiadnym z predch\u00e1dzaj\u00facich modelov rady Agras. DJI Agras T50 v\u00e1m zaru\u010d\u00ed plynul\u00fa a efekt\u00edvnu pr\u00e1cu v ter\u00e9ne aj v\u010faka svoj\u00edm vylep\u0161en\u00fdm \u010dastiam a pridan\u00fdm funkci\u00e1m<\/p>\n","protected":false},"featured_media":5490,"template":"","meta":{"_acf_changed":false},"product_brand":[],"product_cat":[118,159],"product_tag":[44],"class_list":{"0":"post-6690","1":"product","2":"type-product","3":"status-publish","4":"has-post-thumbnail","6":"product_cat-agriculture","7":"product_cat-dji-en","8":"product_tag-new-en","10":"first","11":"instock","12":"featured","13":"taxable","14":"shipping-taxable","15":"purchasable","16":"product-type-simple"},"acf":[],"yoast_head":"<!-- This site is optimized with the Yoast SEO plugin v27.2 - https:\/\/yoast.com\/product\/yoast-seo-wordpress\/ -->\n<title>DJI Agras T50 set - Enterra<\/title>\n<meta name=\"description\" content=\"Z\u00e1kladn\u00fd set pre pr\u00e1cu s po\u013enohospod\u00e1rskym dronom DJI Agras T50 zah\u0155\u0148a - dron, 3x inteligentn\u00fa bat\u00e9riu a nab\u00edjaciu stanicu C10000.\" \/>\n<meta name=\"robots\" content=\"index, follow, max-snippet:-1, max-image-preview:large, max-video-preview:-1\" \/>\n<link rel=\"canonical\" href=\"https:\/\/www.enterra.sk\/en\/product\/dji-agras-t50-set\/\" \/>\n<meta property=\"og:locale\" content=\"en_US\" \/>\n<meta property=\"og:type\" content=\"article\" \/>\n<meta property=\"og:title\" content=\"DJI Agras T50 set - Enterra\" \/>\n<meta property=\"og:description\" content=\"Z\u00e1kladn\u00fd set pre pr\u00e1cu s po\u013enohospod\u00e1rskym dronom DJI Agras T50 zah\u0155\u0148a - dron, 3x inteligentn\u00fa bat\u00e9riu a nab\u00edjaciu stanicu C10000.\" \/>\n<meta property=\"og:url\" content=\"https:\/\/www.enterra.sk\/en\/product\/dji-agras-t50-set\/\" \/>\n<meta property=\"og:site_name\" content=\"Enterra\" \/>\n<meta property=\"article:publisher\" content=\"https:\/\/www.facebook.com\/Enterra.sro\" \/>\n<meta property=\"article:modified_time\" content=\"2026-03-27T12:25:41+00:00\" \/>\n<meta property=\"og:image\" content=\"https:\/\/www.enterra.sk\/wp-content\/uploads\/2025\/12\/dji-agras-t50-set.jpg\" \/>\n\t<meta property=\"og:image:width\" content=\"1080\" \/>\n\t<meta property=\"og:image:height\" content=\"1080\" \/>\n\t<meta property=\"og:image:type\" content=\"image\/jpeg\" \/>\n<meta name=\"twitter:card\" content=\"summary_large_image\" \/>\n<meta name=\"twitter:label1\" content=\"Est. reading time\" \/>\n\t<meta name=\"twitter:data1\" content=\"4 minutes\" \/>\n<script type=\"application\/ld+json\" class=\"yoast-schema-graph\">{\"@context\":\"https:\/\/schema.org\",\"@graph\":[{\"@type\":\"WebPage\",\"@id\":\"https:\/\/www.enterra.sk\/en\/product\/dji-agras-t50-set\/\",\"url\":\"https:\/\/www.enterra.sk\/en\/product\/dji-agras-t50-set\/\",\"name\":\"DJI Agras T50 set - Enterra\",\"isPartOf\":{\"@id\":\"https:\/\/www.enterra.sk\/en\/#website\"},\"primaryImageOfPage\":{\"@id\":\"https:\/\/www.enterra.sk\/en\/product\/dji-agras-t50-set\/#primaryimage\"},\"image\":{\"@id\":\"https:\/\/www.enterra.sk\/en\/product\/dji-agras-t50-set\/#primaryimage\"},\"thumbnailUrl\":\"https:\/\/www.enterra.sk\/wp-content\/uploads\/2025\/12\/dji-agras-t50-set.jpg\",\"datePublished\":\"2025-12-12T14:24:58+00:00\",\"dateModified\":\"2026-03-27T12:25:41+00:00\",\"description\":\"Z\u00e1kladn\u00fd set pre pr\u00e1cu s po\u013enohospod\u00e1rskym dronom DJI Agras T50 zah\u0155\u0148a - dron, 3x inteligentn\u00fa bat\u00e9riu a nab\u00edjaciu stanicu C10000.\",\"breadcrumb\":{\"@id\":\"https:\/\/www.enterra.sk\/en\/product\/dji-agras-t50-set\/#breadcrumb\"},\"inLanguage\":\"en-US\",\"potentialAction\":[{\"@type\":\"ReadAction\",\"target\":[\"https:\/\/www.enterra.sk\/en\/product\/dji-agras-t50-set\/\"]}]},{\"@type\":\"ImageObject\",\"inLanguage\":\"en-US\",\"@id\":\"https:\/\/www.enterra.sk\/en\/product\/dji-agras-t50-set\/#primaryimage\",\"url\":\"https:\/\/www.enterra.sk\/wp-content\/uploads\/2025\/12\/dji-agras-t50-set.jpg\",\"contentUrl\":\"https:\/\/www.enterra.sk\/wp-content\/uploads\/2025\/12\/dji-agras-t50-set.jpg\",\"width\":1080,\"height\":1080},{\"@type\":\"BreadcrumbList\",\"@id\":\"https:\/\/www.enterra.sk\/en\/product\/dji-agras-t50-set\/#breadcrumb\",\"itemListElement\":[{\"@type\":\"ListItem\",\"position\":1,\"name\":\"Home\",\"item\":\"https:\/\/www.enterra.sk\/en\/\"},{\"@type\":\"ListItem\",\"position\":2,\"name\":\"E-shop\",\"item\":\"https:\/\/www.enterra.sk\/en\/shop\/\"},{\"@type\":\"ListItem\",\"position\":3,\"name\":\"DJI Agras T50 set\"}]},{\"@type\":\"WebSite\",\"@id\":\"https:\/\/www.enterra.sk\/en\/#website\",\"url\":\"https:\/\/www.enterra.sk\/en\/\",\"name\":\"Enterra\",\"description\":\"\",\"publisher\":{\"@id\":\"https:\/\/www.enterra.sk\/en\/#organization\"},\"potentialAction\":[{\"@type\":\"SearchAction\",\"target\":{\"@type\":\"EntryPoint\",\"urlTemplate\":\"https:\/\/www.enterra.sk\/en\/?s={search_term_string}\"},\"query-input\":{\"@type\":\"PropertyValueSpecification\",\"valueRequired\":true,\"valueName\":\"search_term_string\"}}],\"inLanguage\":\"en-US\"},{\"@type\":\"Organization\",\"@id\":\"https:\/\/www.enterra.sk\/en\/#organization\",\"name\":\"Enterra\",\"url\":\"https:\/\/www.enterra.sk\/en\/\",\"logo\":{\"@type\":\"ImageObject\",\"inLanguage\":\"en-US\",\"@id\":\"https:\/\/www.enterra.sk\/en\/#\/schema\/logo\/image\/\",\"url\":\"https:\/\/www.enterra.sk\/wp-content\/uploads\/2023\/06\/logo.png\",\"contentUrl\":\"https:\/\/www.enterra.sk\/wp-content\/uploads\/2023\/06\/logo.png\",\"width\":500,\"height\":500,\"caption\":\"Enterra\"},\"image\":{\"@id\":\"https:\/\/www.enterra.sk\/en\/#\/schema\/logo\/image\/\"},\"sameAs\":[\"https:\/\/www.facebook.com\/Enterra.sro\",\"https:\/\/www.instagram.com\/enterra_s.r.o\/\"]}]}<\/script>\n<!-- \/ Yoast SEO plugin. -->","yoast_head_json":{"title":"DJI Agras T50 set - Enterra","description":"Z\u00e1kladn\u00fd set pre pr\u00e1cu s po\u013enohospod\u00e1rskym dronom DJI Agras T50 zah\u0155\u0148a - dron, 3x inteligentn\u00fa bat\u00e9riu a nab\u00edjaciu stanicu C10000.","robots":{"index":"index","follow":"follow","max-snippet":"max-snippet:-1","max-image-preview":"max-image-preview:large","max-video-preview":"max-video-preview:-1"},"canonical":"https:\/\/www.enterra.sk\/en\/product\/dji-agras-t50-set\/","og_locale":"en_US","og_type":"article","og_title":"DJI Agras T50 set - Enterra","og_description":"Z\u00e1kladn\u00fd set pre pr\u00e1cu s po\u013enohospod\u00e1rskym dronom DJI Agras T50 zah\u0155\u0148a - dron, 3x inteligentn\u00fa bat\u00e9riu a nab\u00edjaciu stanicu C10000.","og_url":"https:\/\/www.enterra.sk\/en\/product\/dji-agras-t50-set\/","og_site_name":"Enterra","article_publisher":"https:\/\/www.facebook.com\/Enterra.sro","article_modified_time":"2026-03-27T12:25:41+00:00","og_image":[{"width":1080,"height":1080,"url":"https:\/\/www.enterra.sk\/wp-content\/uploads\/2025\/12\/dji-agras-t50-set.jpg","type":"image\/jpeg"}],"twitter_card":"summary_large_image","twitter_misc":{"Est. reading time":"4 minutes"},"schema":{"@context":"https:\/\/schema.org","@graph":[{"@type":"WebPage","@id":"https:\/\/www.enterra.sk\/en\/product\/dji-agras-t50-set\/","url":"https:\/\/www.enterra.sk\/en\/product\/dji-agras-t50-set\/","name":"DJI Agras T50 set - Enterra","isPartOf":{"@id":"https:\/\/www.enterra.sk\/en\/#website"},"primaryImageOfPage":{"@id":"https:\/\/www.enterra.sk\/en\/product\/dji-agras-t50-set\/#primaryimage"},"image":{"@id":"https:\/\/www.enterra.sk\/en\/product\/dji-agras-t50-set\/#primaryimage"},"thumbnailUrl":"https:\/\/www.enterra.sk\/wp-content\/uploads\/2025\/12\/dji-agras-t50-set.jpg","datePublished":"2025-12-12T14:24:58+00:00","dateModified":"2026-03-27T12:25:41+00:00","description":"Z\u00e1kladn\u00fd set pre pr\u00e1cu s po\u013enohospod\u00e1rskym dronom DJI Agras T50 zah\u0155\u0148a - dron, 3x inteligentn\u00fa bat\u00e9riu a nab\u00edjaciu stanicu C10000.","breadcrumb":{"@id":"https:\/\/www.enterra.sk\/en\/product\/dji-agras-t50-set\/#breadcrumb"},"inLanguage":"en-US","potentialAction":[{"@type":"ReadAction","target":["https:\/\/www.enterra.sk\/en\/product\/dji-agras-t50-set\/"]}]},{"@type":"ImageObject","inLanguage":"en-US","@id":"https:\/\/www.enterra.sk\/en\/product\/dji-agras-t50-set\/#primaryimage","url":"https:\/\/www.enterra.sk\/wp-content\/uploads\/2025\/12\/dji-agras-t50-set.jpg","contentUrl":"https:\/\/www.enterra.sk\/wp-content\/uploads\/2025\/12\/dji-agras-t50-set.jpg","width":1080,"height":1080},{"@type":"BreadcrumbList","@id":"https:\/\/www.enterra.sk\/en\/product\/dji-agras-t50-set\/#breadcrumb","itemListElement":[{"@type":"ListItem","position":1,"name":"Home","item":"https:\/\/www.enterra.sk\/en\/"},{"@type":"ListItem","position":2,"name":"E-shop","item":"https:\/\/www.enterra.sk\/en\/shop\/"},{"@type":"ListItem","position":3,"name":"DJI Agras T50 set"}]},{"@type":"WebSite","@id":"https:\/\/www.enterra.sk\/en\/#website","url":"https:\/\/www.enterra.sk\/en\/","name":"Enterra","description":"","publisher":{"@id":"https:\/\/www.enterra.sk\/en\/#organization"},"potentialAction":[{"@type":"SearchAction","target":{"@type":"EntryPoint","urlTemplate":"https:\/\/www.enterra.sk\/en\/?s={search_term_string}"},"query-input":{"@type":"PropertyValueSpecification","valueRequired":true,"valueName":"search_term_string"}}],"inLanguage":"en-US"},{"@type":"Organization","@id":"https:\/\/www.enterra.sk\/en\/#organization","name":"Enterra","url":"https:\/\/www.enterra.sk\/en\/","logo":{"@type":"ImageObject","inLanguage":"en-US","@id":"https:\/\/www.enterra.sk\/en\/#\/schema\/logo\/image\/","url":"https:\/\/www.enterra.sk\/wp-content\/uploads\/2023\/06\/logo.png","contentUrl":"https:\/\/www.enterra.sk\/wp-content\/uploads\/2023\/06\/logo.png","width":500,"height":500,"caption":"Enterra"},"image":{"@id":"https:\/\/www.enterra.sk\/en\/#\/schema\/logo\/image\/"},"sameAs":["https:\/\/www.facebook.com\/Enterra.sro","https:\/\/www.instagram.com\/enterra_s.r.o\/"]}]}},"_links":{"self":[{"href":"https:\/\/www.enterra.sk\/en\/wp-json\/wp\/v2\/product\/6690","targetHints":{"allow":["GET"]}}],"collection":[{"href":"https:\/\/www.enterra.sk\/en\/wp-json\/wp\/v2\/product"}],"about":[{"href":"https:\/\/www.enterra.sk\/en\/wp-json\/wp\/v2\/types\/product"}],"wp:featuredmedia":[{"embeddable":true,"href":"https:\/\/www.enterra.sk\/en\/wp-json\/wp\/v2\/media\/5490"}],"wp:attachment":[{"href":"https:\/\/www.enterra.sk\/en\/wp-json\/wp\/v2\/media?parent=6690"}],"wp:term":[{"taxonomy":"product_brand","embeddable":true,"href":"https:\/\/www.enterra.sk\/en\/wp-json\/wp\/v2\/product_brand?post=6690"},{"taxonomy":"product_cat","embeddable":true,"href":"https:\/\/www.enterra.sk\/en\/wp-json\/wp\/v2\/product_cat?post=6690"},{"taxonomy":"product_tag","embeddable":true,"href":"https:\/\/www.enterra.sk\/en\/wp-json\/wp\/v2\/product_tag?post=6690"}],"curies":[{"name":"wp","href":"https:\/\/api.w.org\/{rel}","templated":true}]}}